{"id":548,"date":"2021-09-13T16:54:17","date_gmt":"2021-09-13T13:54:17","guid":{"rendered":"http:\/\/kaksinnuorisopalvelut.fi\/wordpress\/perhetyo-2\/"},"modified":"2021-09-23T15:22:22","modified_gmt":"2021-09-23T12:22:22","slug":"jalkihuolto","status":"publish","type":"page","link":"https:\/\/kaksinnuorisopalvelut.fi\/wordpress\/jalkihuolto\/","title":{"rendered":"J\u00e4lkihuolto"},"content":{"rendered":"<div id=\"pl-548\"  class=\"panel-layout\" ><div id=\"pg-548-0\"  class=\"panel-grid panel-has-style\" ><div class=\"siteorigin-panels-stretch panel-row-style panel-row-style-for-548-0\" style=\"padding: 0px 0; \" data-stretch-type=\"full-stretched\" data-overlay=\"true\" data-overlay-color=\"#000000\" ><div id=\"pgc-548-0-0\"  class=\"panel-grid-cell\" ><div id=\"panel-548-0-0-0\" class=\"so-panel widget widget_sow-image panel-first-child panel-last-child\" data-index=\"0\" ><div style=\"text-align: left;\" data-title-color=\"#443f3f\" data-headings-color=\"#443f3f\" class=\"panel-widget-style panel-widget-style-for-548-0-0-0\" ><div class=\"so-widget-sow-image so-widget-sow-image-default-d6014b76747a-548\">\n\n<div class=\"sow-image-container\">\n\t\t<img decoding=\"async\" src=\"https:\/\/kaksinnuorisopalvelut.fi\/wordpress\/wp-content\/uploads\/2021\/09\/Etusivu2.png\" width=\"2000\" height=\"600\" srcset=\"https:\/\/kaksinnuorisopalvelut.fi\/wordpress\/wp-content\/uploads\/2021\/09\/Etusivu2.png 2000w, https:\/\/kaksinnuorisopalvelut.fi\/wordpress\/wp-content\/uploads\/2021\/09\/Etusivu2-300x90.png 300w, https:\/\/kaksinnuorisopalvelut.fi\/wordpress\/wp-content\/uploads\/2021\/09\/Etusivu2-1024x307.png 1024w, https:\/\/kaksinnuorisopalvelut.fi\/wordpress\/wp-content\/uploads\/2021\/09\/Etusivu2-768x230.png 768w, https:\/\/kaksinnuorisopalvelut.fi\/wordpress\/wp-content\/uploads\/2021\/09\/Etusivu2-1536x461.png 1536w, https:\/\/kaksinnuorisopalvelut.fi\/wordpress\/wp-content\/uploads\/2021\/09\/Etusivu2-830x249.png 830w, https:\/\/kaksinnuorisopalvelut.fi\/wordpress\/wp-content\/uploads\/2021\/09\/Etusivu2-230x69.png 230w, https:\/\/kaksinnuorisopalvelut.fi\/wordpress\/wp-content\/uploads\/2021\/09\/Etusivu2-350x105.png 350w, https:\/\/kaksinnuorisopalvelut.fi\/wordpress\/wp-content\/uploads\/2021\/09\/Etusivu2-480x144.png 480w\" sizes=\"auto, (max-width: 2000px) 100vw, 2000px\" alt=\"\" loading=\"lazy\" \t\tclass=\"so-widget-image\"\/>\n\t<\/div>\n\n<\/div><\/div><\/div><\/div><\/div><\/div><div id=\"pg-548-1\"  class=\"panel-grid panel-has-style\" ><div class=\"siteorigin-panels-stretch panel-row-style panel-row-style-for-548-1\" style=\"padding: 0px 0; \" data-stretch-type=\"full-stretched\" data-overlay=\"true\" data-overlay-color=\"#000000\" ><div id=\"pgc-548-1-0\"  class=\"panel-grid-cell\" ><div id=\"panel-548-1-0-0\" class=\"so-panel widget widget_sow-editor panel-first-child panel-last-child\" data-index=\"1\" ><div style=\"text-align: left;\" data-title-color=\"#443f3f\" data-headings-color=\"#443f3f\" class=\"panel-widget-style panel-widget-style-for-548-1-0-0\" ><div class=\"so-widget-sow-editor so-widget-sow-editor-base\">\n<div class=\"siteorigin-widget-tinymce textwidget\">\n\t<h3 style=\"text-align: center;\"><span style=\"color: #ffffff;\"><strong>J\u00c4LKIHUOLTO<\/strong><\/span><\/h3>\n<\/div>\n<\/div><\/div><\/div><\/div><\/div><\/div><div id=\"pg-548-2\"  class=\"panel-grid panel-has-style\" ><div class=\"siteorigin-panels-stretch panel-row-style panel-row-style-for-548-2\" style=\"padding: 25px 0; \" data-stretch-type=\"full-stretched\" data-overlay=\"true\" data-overlay-color=\"#000000\" ><div id=\"pgc-548-2-0\"  class=\"panel-grid-cell panel-grid-cell-empty\" ><\/div><div id=\"pgc-548-2-1\"  class=\"panel-grid-cell panel-grid-cell-mobile-last\" ><div id=\"panel-548-2-1-0\" class=\"so-panel widget widget_sow-editor panel-first-child panel-last-child\" data-index=\"2\" ><div style=\"text-align: left;\" data-title-color=\"#443f3f\" data-headings-color=\"#443f3f\" class=\"panel-widget-style panel-widget-style-for-548-2-1-0\" ><div class=\"so-widget-sow-editor so-widget-sow-editor-base\">\n<div class=\"siteorigin-widget-tinymce textwidget\">\n\t<p>J\u00e4lkihuolto on tarkoitettu sijaishuollon tai pitk\u00e4n avohuollon sijoituksen p\u00e4\u00e4ttymisen j\u00e4lkeen olleille nuorille tarjota kokonaisvaltaista tukea. J\u00e4lkihuoltoa voidaan j\u00e4rjest\u00e4\u00e4 my\u00f6s sellaiselle nuorelle, jota ei ole aiemmin sijoitettu kodin ulkopuolelle tai jonka sijoitus ei ole kest\u00e4nyt puolta vuotta. Nuoren kotikunta arvioitsee nuoren tuen tarpeen, vaikka ehdotonta j\u00e4lkihuoltovelvollisuutta ei olisikaan.<\/p>\n<p>Kaksin Nuorisopalvelut tuottaa 16-25 -vuotiaille nuorille j\u00e4lkihuollon palvelua. J\u00e4lkihuollosta laaditaan nuoren sosiaality\u00f6ntekij\u00e4n kanssa j\u00e4lkihuoltosuunnitelma. Suunnitelmaan kirjataan nuoren tarvitsema tuen tarve yksil\u00f6llisesti. Suunnittelussa voi olla mukana my\u00f6s nuoren muuta viranomaisverkostoa ja huoltajat.<\/p>\n<p>Toteutamme j\u00e4lkihuoltoa asiakkaan ihmisarvoa ja itsem\u00e4\u00e4r\u00e4misoikeutta kunnioittaen. Ty\u00f6skentelyn l\u00e4ht\u00f6kohtana on yksil\u00f6n arvostus ja luottamus, kuljemme nuoren rinnalla. Kaksin Nuorispalvelut on sitoutunut noudattamaan valtakunnallisia j\u00e4lkihuollon laatukriteerej\u00e4 sek\u00e4 lastensuojelun laatusuositusta ja yhdess\u00e4 laadittua palvelusis\u00e4lt\u00f6\u00e4.<\/p>\n<p>Tarjoamme j\u00e4lkihuollon palvelua tarvittaessa iltaisin ja viikonloppuisinkin.<br \/>\nTy\u00f6skentelyn aikana tuotamme ajantasaista dokumentointia ja yhteenvetoja ty\u00f6skentelyn vaikuttavuudesta ja etenemisest\u00e4 kohti tavoitteiden saavuttamista.<\/p>\n<p>Nuoren on mahdollista saada j\u00e4lkihuollosta:<br \/>\n\u2022 henkil\u00f6kohtaista ohjausta ja neuvontaa<br \/>\n\u2022 tukea omien voimavarojen l\u00f6ytymiseen<br \/>\n\u2022 apua asunnon saamiseen<br \/>\n\u2022 tukea opintoihin tai ty\u00f6llistymiseen<br \/>\n\u2022 tukea itsen\u00e4iseen asumiseen<br \/>\n\u2022 tukea ja ohjausta taloudenhallintaan<\/p>\n<\/div>\n<\/div><\/div><\/div><\/div><div id=\"pgc-548-2-2\"  class=\"panel-grid-cell panel-grid-cell-empty\" ><\/div><\/div><\/div><div id=\"pg-548-3\"  class=\"panel-grid panel-has-style\" ><div class=\"siteorigin-panels-stretch panel-row-style panel-row-style-for-548-3\" style=\"padding: 0px 0; \" data-stretch-type=\"full-stretched\" data-overlay=\"true\" data-overlay-color=\"#000000\" ><div id=\"pgc-548-3-0\"  class=\"panel-grid-cell panel-grid-cell-empty\" ><\/div><div id=\"pgc-548-3-1\"  class=\"panel-grid-cell\" ><div id=\"panel-548-3-1-0\" class=\"so-panel widget widget_sow-editor panel-first-child panel-last-child\" data-index=\"3\" ><div style=\"text-align: left;\" data-title-color=\"#443f3f\" data-headings-color=\"#443f3f\" class=\"panel-widget-style panel-widget-style-for-548-3-1-0\" ><div class=\"so-widget-sow-editor so-widget-sow-editor-base\">\n<div class=\"siteorigin-widget-tinymce textwidget\">\n\t<p><img loading=\"lazy\" decoding=\"async\" class=\"alignnone  wp-image-23\" src=\"http:\/\/kaksinnuorisopalvelut.fi\/wordpress\/wp-content\/uploads\/2021\/09\/suomalaistapalvelua.png\" alt=\"\" width=\"95\" height=\"90\" srcset=\"https:\/\/kaksinnuorisopalvelut.fi\/wordpress\/wp-content\/uploads\/2021\/09\/suomalaistapalvelua.png 1500w, https:\/\/kaksinnuorisopalvelut.fi\/wordpress\/wp-content\/uploads\/2021\/09\/suomalaistapalvelua-300x285.png 300w, https:\/\/kaksinnuorisopalvelut.fi\/wordpress\/wp-content\/uploads\/2021\/09\/suomalaistapalvelua-1024x972.png 1024w, https:\/\/kaksinnuorisopalvelut.fi\/wordpress\/wp-content\/uploads\/2021\/09\/suomalaistapalvelua-768x729.png 768w, https:\/\/kaksinnuorisopalvelut.fi\/wordpress\/wp-content\/uploads\/2021\/09\/suomalaistapalvelua-830x788.png 830w, https:\/\/kaksinnuorisopalvelut.fi\/wordpress\/wp-content\/uploads\/2021\/09\/suomalaistapalvelua-230x218.png 230w, https:\/\/kaksinnuorisopalvelut.fi\/wordpress\/wp-content\/uploads\/2021\/09\/suomalaistapalvelua-350x332.png 350w, https:\/\/kaksinnuorisopalvelut.fi\/wordpress\/wp-content\/uploads\/2021\/09\/suomalaistapalvelua-480x456.png 480w\" sizes=\"auto, (max-width: 95px) 100vw, 95px\" \/>&nbsp; <img loading=\"lazy\" decoding=\"async\" class=\"alignnone  wp-image-475\" src=\"http:\/\/kaksinnuorisopalvelut.fi\/wordpress\/wp-content\/uploads\/2021\/09\/LK_valkoinen_rgb.jpg\" alt=\"\" width=\"138\" height=\"65\" srcset=\"https:\/\/kaksinnuorisopalvelut.fi\/wordpress\/wp-content\/uploads\/2021\/09\/LK_valkoinen_rgb.jpg 842w, https:\/\/kaksinnuorisopalvelut.fi\/wordpress\/wp-content\/uploads\/2021\/09\/LK_valkoinen_rgb-300x141.jpg 300w, https:\/\/kaksinnuorisopalvelut.fi\/wordpress\/wp-content\/uploads\/2021\/09\/LK_valkoinen_rgb-768x361.jpg 768w, https:\/\/kaksinnuorisopalvelut.fi\/wordpress\/wp-content\/uploads\/2021\/09\/LK_valkoinen_rgb-830x390.jpg 830w, https:\/\/kaksinnuorisopalvelut.fi\/wordpress\/wp-content\/uploads\/2021\/09\/LK_valkoinen_rgb-230x108.jpg 230w, https:\/\/kaksinnuorisopalvelut.fi\/wordpress\/wp-content\/uploads\/2021\/09\/LK_valkoinen_rgb-350x165.jpg 350w, https:\/\/kaksinnuorisopalvelut.fi\/wordpress\/wp-content\/uploads\/2021\/09\/LK_valkoinen_rgb-480x226.jpg 480w\" sizes=\"auto, (max-width: 138px) 100vw, 138px\" \/><\/p>\n<\/div>\n<\/div><\/div><\/div><\/div><div id=\"pgc-548-3-2\"  class=\"panel-grid-cell\" ><div id=\"panel-548-3-2-0\" class=\"so-panel widget widget_sow-editor panel-first-child panel-last-child\" data-index=\"4\" ><div style=\"text-align: left;\" data-title-color=\"#443f3f\" data-headings-color=\"#443f3f\" class=\"panel-widget-style panel-widget-style-for-548-3-2-0\" ><div class=\"so-widget-sow-editor so-widget-sow-editor-base\">\n<div class=\"siteorigin-widget-tinymce textwidget\">\n\t<p>Aleksi Ylitervo, palvelup\u00e4\u00e4llikk\u00f6<br \/>\np. 044 230 2827<br \/>\n<a href=\"mailto:aleksi.ylitervo@kaksinnuorisopalvelut.fi\">aleksi.ylitervo@kaksinnuorisopalvelut.fi<\/a><\/p>\n<\/div>\n<\/div><\/div><\/div><\/div><div id=\"pgc-548-3-3\"  class=\"panel-grid-cell panel-grid-cell-mobile-last\" ><div id=\"panel-548-3-3-0\" class=\"so-panel widget widget_sow-editor panel-first-child panel-last-child\" data-index=\"5\" ><div style=\"text-align: left;\" data-title-color=\"#443f3f\" data-headings-color=\"#443f3f\" class=\"panel-widget-style panel-widget-style-for-548-3-3-0\" ><div class=\"so-widget-sow-editor so-widget-sow-editor-base\">\n<div class=\"siteorigin-widget-tinymce textwidget\">\n\t<p>Kaksin Nuorisopalvelut<br \/>\nEtappitie 3<br \/>\n95400 Tornio<\/p>\n<\/div>\n<\/div><\/div><\/div><\/div><div id=\"pgc-548-3-4\"  class=\"panel-grid-cell panel-grid-cell-empty\" ><\/div><\/div><\/div><\/div>","protected":false},"excerpt":{"rendered":"<p>J\u00c4LKIHUOLTO<\/p>\n","protected":false},"author":1,"featured_media":0,"parent":0,"menu_order":0,"comment_status":"closed","ping_status":"closed","template":"page-templates\/page_front-page.php","meta":{"footnotes":""},"class_list":["post-548","page","type-page","status-publish","hentry"],"_links":{"self":[{"href":"https:\/\/kaksinnuorisopalvelut.fi\/wordpress\/wp-json\/wp\/v2\/pages\/548","targetHints":{"allow":["GET"]}}],"collection":[{"href":"https:\/\/kaksinnuorisopalvelut.fi\/wordpress\/wp-json\/wp\/v2\/pages"}],"about":[{"href":"https:\/\/kaksinnuorisopalvelut.fi\/wordpress\/wp-json\/wp\/v2\/types\/page"}],"author":[{"embeddable":true,"href":"https:\/\/kaksinnuorisopalvelut.fi\/wordpress\/wp-json\/wp\/v2\/users\/1"}],"replies":[{"embeddable":true,"href":"https:\/\/kaksinnuorisopalvelut.fi\/wordpress\/wp-json\/wp\/v2\/comments?post=548"}],"version-history":[{"count":8,"href":"https:\/\/kaksinnuorisopalvelut.fi\/wordpress\/wp-json\/wp\/v2\/pages\/548\/revisions"}],"predecessor-version":[{"id":600,"href":"https:\/\/kaksinnuorisopalvelut.fi\/wordpress\/wp-json\/wp\/v2\/pages\/548\/revisions\/600"}],"wp:attachment":[{"href":"https:\/\/kaksinnuorisopalvelut.fi\/wordpress\/wp-json\/wp\/v2\/media?parent=548"}],"curies":[{"name":"wp","href":"https:\/\/api.w.org\/{rel}","templated":true}]}}