{"id":14,"date":"2021-09-13T16:54:17","date_gmt":"2021-09-13T13:54:17","guid":{"rendered":"http:\/\/kaksinnuorisopalvelut.fi\/wordpress\/?page_id=14"},"modified":"2021-09-17T11:00:01","modified_gmt":"2021-09-17T08:00:01","slug":"etusivu","status":"publish","type":"page","link":"https:\/\/kaksinnuorisopalvelut.fi\/wordpress\/","title":{"rendered":"Etusivu"},"content":{"rendered":"<div id=\"pl-14\"  class=\"panel-layout\" ><div id=\"pg-14-0\"  class=\"panel-grid panel-has-style\" ><div class=\"siteorigin-panels-stretch panel-row-style panel-row-style-for-14-0\" style=\"padding: 0px 0; \" data-stretch-type=\"full-stretched\" data-overlay=\"true\" data-overlay-color=\"#000000\" ><div id=\"pgc-14-0-0\"  class=\"panel-grid-cell\" ><div id=\"panel-14-0-0-0\" class=\"so-panel widget widget_sow-image panel-first-child panel-last-child\" data-index=\"0\" ><div style=\"text-align: left;\" data-title-color=\"#443f3f\" data-headings-color=\"#443f3f\" class=\"panel-widget-style panel-widget-style-for-14-0-0-0\" ><div class=\"so-widget-sow-image so-widget-sow-image-default-d6014b76747a-14\">\n\n<div class=\"sow-image-container\">\n\t\t<img decoding=\"async\" src=\"https:\/\/kaksinnuorisopalvelut.fi\/wordpress\/wp-content\/uploads\/2021\/09\/Etusivu2.png\" width=\"2000\" height=\"600\" srcset=\"https:\/\/kaksinnuorisopalvelut.fi\/wordpress\/wp-content\/uploads\/2021\/09\/Etusivu2.png 2000w, https:\/\/kaksinnuorisopalvelut.fi\/wordpress\/wp-content\/uploads\/2021\/09\/Etusivu2-300x90.png 300w, https:\/\/kaksinnuorisopalvelut.fi\/wordpress\/wp-content\/uploads\/2021\/09\/Etusivu2-1024x307.png 1024w, https:\/\/kaksinnuorisopalvelut.fi\/wordpress\/wp-content\/uploads\/2021\/09\/Etusivu2-768x230.png 768w, https:\/\/kaksinnuorisopalvelut.fi\/wordpress\/wp-content\/uploads\/2021\/09\/Etusivu2-1536x461.png 1536w, https:\/\/kaksinnuorisopalvelut.fi\/wordpress\/wp-content\/uploads\/2021\/09\/Etusivu2-830x249.png 830w, https:\/\/kaksinnuorisopalvelut.fi\/wordpress\/wp-content\/uploads\/2021\/09\/Etusivu2-230x69.png 230w, https:\/\/kaksinnuorisopalvelut.fi\/wordpress\/wp-content\/uploads\/2021\/09\/Etusivu2-350x105.png 350w, https:\/\/kaksinnuorisopalvelut.fi\/wordpress\/wp-content\/uploads\/2021\/09\/Etusivu2-480x144.png 480w\" sizes=\"auto, (max-width: 2000px) 100vw, 2000px\" alt=\"\" loading=\"lazy\" \t\tclass=\"so-widget-image\"\/>\n\t<\/div>\n\n<\/div><\/div><\/div><\/div><\/div><\/div><div id=\"pg-14-1\"  class=\"panel-grid panel-has-style\" ><div class=\"siteorigin-panels-stretch panel-row-style panel-row-style-for-14-1\" style=\"padding: 0px 0; \" data-stretch-type=\"full-stretched\" data-overlay=\"true\" data-overlay-color=\"#000000\" ><div id=\"pgc-14-1-0\"  class=\"panel-grid-cell\" ><div id=\"panel-14-1-0-0\" class=\"so-panel widget widget_sow-editor panel-first-child panel-last-child\" data-index=\"1\" ><div style=\"text-align: left;\" data-title-color=\"#443f3f\" data-headings-color=\"#443f3f\" class=\"panel-widget-style panel-widget-style-for-14-1-0-0\" ><div class=\"so-widget-sow-editor so-widget-sow-editor-base\">\n<div class=\"siteorigin-widget-tinymce textwidget\">\n\t<h3 style=\"text-align: center;\"><span style=\"color: #ffffff;\"><strong>KAKSIN NUORISOPALVELUIDEN ARVOT<\/strong><\/span><\/h3>\n<\/div>\n<\/div><\/div><\/div><\/div><\/div><\/div><div id=\"pg-14-2\"  class=\"panel-grid panel-has-style\" ><div class=\"siteorigin-panels-stretch panel-row-style panel-row-style-for-14-2\" style=\"padding: 25px 0; \" data-stretch-type=\"full-stretched\" data-overlay=\"true\" data-overlay-color=\"#000000\" ><div id=\"pgc-14-2-0\"  class=\"panel-grid-cell panel-grid-cell-empty\" ><\/div><div id=\"pgc-14-2-1\"  class=\"panel-grid-cell\" ><div id=\"panel-14-2-1-0\" class=\"so-panel widget widget_sow-editor panel-first-child panel-last-child\" data-index=\"2\" ><div style=\"text-align: left;\" data-title-color=\"#443f3f\" data-headings-color=\"#443f3f\" class=\"panel-widget-style panel-widget-style-for-14-2-1-0\" ><div class=\"so-widget-sow-editor so-widget-sow-editor-base\">\n<div class=\"siteorigin-widget-tinymce textwidget\">\n\t<p style=\"text-align: left;\"><span style=\"color: #45a89d;\"><strong>ASIAKASL\u00c4HT\u00d6ISYYS<\/strong><\/span><\/p>\n<p>Meille on t\u00e4rke\u00e4\u00e4, ett\u00e4 ty\u00f6st\u00e4mme v\u00e4littyy aitous. Se, ett\u00e4 pystymme auttamaan asiakkaitamme yksil\u00f6llisesti ja joustavasti \u2013 ihmiselt\u00e4 ihmiselle. Toimimme aina asiakastamme kunnioittaen ja luottamuksellisen asiakassuhteen luominen on meille erityisen t\u00e4rke\u00e4\u00e4.<\/p>\n<\/div>\n<\/div><\/div><\/div><\/div><div id=\"pgc-14-2-2\"  class=\"panel-grid-cell\" ><div id=\"panel-14-2-2-0\" class=\"so-panel widget widget_sow-editor panel-first-child panel-last-child\" data-index=\"3\" ><div style=\"text-align: left;\" data-title-color=\"#443f3f\" data-headings-color=\"#443f3f\" class=\"panel-widget-style panel-widget-style-for-14-2-2-0\" ><div class=\"so-widget-sow-editor so-widget-sow-editor-base\">\n<div class=\"siteorigin-widget-tinymce textwidget\">\n\t<p style=\"text-align: left;\"><span style=\"color: #45a89d;\"><strong>TAVOITTEELLISUUS<\/strong><\/span><\/p>\n<p>Toimintamme pohjaa yhteisesti sovittuihin tavoitteisiin ja arvioimme ty\u00f6skentely\u00e4mme ja sen tarpeellisuutta jatkuvasti. Pid\u00e4mme toimintamme ja palveluidemme jatkuvaa kehitt\u00e4mist\u00e4 oleellisena, jotta yrityksemme menestyy my\u00f6s tulevaisuudessa.<\/p>\n<\/div>\n<\/div><\/div><\/div><\/div><div id=\"pgc-14-2-3\"  class=\"panel-grid-cell panel-grid-cell-mobile-last\" ><div id=\"panel-14-2-3-0\" class=\"so-panel widget widget_sow-editor panel-first-child panel-last-child\" data-index=\"4\" ><div style=\"text-align: left;\" data-title-color=\"#443f3f\" data-headings-color=\"#443f3f\" class=\"panel-widget-style panel-widget-style-for-14-2-3-0\" ><div class=\"so-widget-sow-editor so-widget-sow-editor-base\">\n<div class=\"siteorigin-widget-tinymce textwidget\">\n\t<p style=\"text-align: left;\"><span style=\"color: #45a89d;\"><strong>ASIANTUNTEVUUS<\/strong><\/span><\/p>\n<p>Olemme tarkkoja siit\u00e4, ett\u00e4 palvelumme t\u00e4ytt\u00e4\u00e4 sille asetetut vaatimukset ja ty\u00f6ss\u00e4mme n\u00e4kyy ammatillisuus. Asiakkaidemme tilanteiden huomioimisella ja tarpeiden tunnistamisella tarjoamme oikea-aikaisen avun ja ohjauksen.<\/p>\n<\/div>\n<\/div><\/div><\/div><\/div><div id=\"pgc-14-2-4\"  class=\"panel-grid-cell panel-grid-cell-empty\" ><\/div><\/div><\/div><div id=\"pg-14-3\"  class=\"panel-grid panel-has-style\" ><div class=\"siteorigin-panels-stretch panel-row-style panel-row-style-for-14-3\" style=\"padding: 0px 0; \" data-stretch-type=\"full-stretched-padded\" data-overlay=\"true\" data-overlay-color=\"#000000\" ><div id=\"pgc-14-3-0\"  class=\"panel-grid-cell panel-grid-cell-empty\" ><\/div><div id=\"pgc-14-3-1\"  class=\"panel-grid-cell\" ><div id=\"panel-14-3-1-0\" class=\"so-panel widget widget_sow-editor panel-first-child panel-last-child\" data-index=\"5\" ><div style=\"text-align: left;\" data-title-color=\"#443f3f\" data-headings-color=\"#443f3f\" class=\"panel-widget-style panel-widget-style-for-14-3-1-0\" ><div class=\"so-widget-sow-editor so-widget-sow-editor-base\">\n<div class=\"siteorigin-widget-tinymce textwidget\">\n\t<p><img loading=\"lazy\" decoding=\"async\" class=\"alignnone wp-image-23\" src=\"http:\/\/kaksinnuorisopalvelut.fi\/wordpress\/wp-content\/uploads\/2021\/09\/suomalaistapalvelua-150x150.png\" alt=\"\" width=\"90\" height=\"90\" \/>\u00a0 \u00a0<img loading=\"lazy\" decoding=\"async\" class=\"alignnone wp-image-475\" src=\"http:\/\/kaksinnuorisopalvelut.fi\/wordpress\/wp-content\/uploads\/2021\/09\/LK_valkoinen_rgb.jpg\" alt=\"\" width=\"138\" height=\"65\" srcset=\"https:\/\/kaksinnuorisopalvelut.fi\/wordpress\/wp-content\/uploads\/2021\/09\/LK_valkoinen_rgb.jpg 842w, https:\/\/kaksinnuorisopalvelut.fi\/wordpress\/wp-content\/uploads\/2021\/09\/LK_valkoinen_rgb-300x141.jpg 300w, https:\/\/kaksinnuorisopalvelut.fi\/wordpress\/wp-content\/uploads\/2021\/09\/LK_valkoinen_rgb-768x361.jpg 768w, https:\/\/kaksinnuorisopalvelut.fi\/wordpress\/wp-content\/uploads\/2021\/09\/LK_valkoinen_rgb-830x390.jpg 830w, https:\/\/kaksinnuorisopalvelut.fi\/wordpress\/wp-content\/uploads\/2021\/09\/LK_valkoinen_rgb-230x108.jpg 230w, https:\/\/kaksinnuorisopalvelut.fi\/wordpress\/wp-content\/uploads\/2021\/09\/LK_valkoinen_rgb-350x165.jpg 350w, https:\/\/kaksinnuorisopalvelut.fi\/wordpress\/wp-content\/uploads\/2021\/09\/LK_valkoinen_rgb-480x226.jpg 480w\" sizes=\"auto, (max-width: 138px) 100vw, 138px\" \/><\/p>\n<\/div>\n<\/div><\/div><\/div><\/div><div id=\"pgc-14-3-2\"  class=\"panel-grid-cell\" ><div id=\"panel-14-3-2-0\" class=\"so-panel widget widget_sow-editor panel-first-child panel-last-child\" data-index=\"6\" ><div style=\"text-align: left;\" data-title-color=\"#443f3f\" data-headings-color=\"#443f3f\" class=\"panel-widget-style panel-widget-style-for-14-3-2-0\" ><div class=\"so-widget-sow-editor so-widget-sow-editor-base\">\n<div class=\"siteorigin-widget-tinymce textwidget\">\n\t<p><strong>Kaksin Nuorisopalvelut<br \/>\n<\/strong>Etappitie 3, 95400 Tornio<br \/>\nY-tunnus 3173438-1<\/p>\n<\/div>\n<\/div><\/div><\/div><\/div><div id=\"pgc-14-3-3\"  class=\"panel-grid-cell panel-grid-cell-mobile-last\" ><div id=\"panel-14-3-3-0\" class=\"so-panel widget widget_sow-editor panel-first-child panel-last-child\" data-index=\"7\" ><div style=\"text-align: left;\" data-title-color=\"#443f3f\" data-headings-color=\"#443f3f\" class=\"panel-widget-style panel-widget-style-for-14-3-3-0\" ><div class=\"so-widget-sow-editor so-widget-sow-editor-base\">\n<div class=\"siteorigin-widget-tinymce textwidget\">\n\t<\/div>\n<\/div><\/div><\/div><\/div><div id=\"pgc-14-3-4\"  class=\"panel-grid-cell panel-grid-cell-empty\" ><\/div><\/div><\/div><\/div>","protected":false},"excerpt":{"rendered":"<p>KAKSIN NUORISOPALVELUIDEN ARVOT<\/p>\n","protected":false},"author":1,"featured_media":0,"parent":0,"menu_order":0,"comment_status":"closed","ping_status":"closed","template":"page-templates\/page_front-page.php","meta":{"footnotes":""},"class_list":["post-14","page","type-page","status-publish","hentry"],"_links":{"self":[{"href":"https:\/\/kaksinnuorisopalvelut.fi\/wordpress\/wp-json\/wp\/v2\/pages\/14","targetHints":{"allow":["GET"]}}],"collection":[{"href":"https:\/\/kaksinnuorisopalvelut.fi\/wordpress\/wp-json\/wp\/v2\/pages"}],"about":[{"href":"https:\/\/kaksinnuorisopalvelut.fi\/wordpress\/wp-json\/wp\/v2\/types\/page"}],"author":[{"embeddable":true,"href":"https:\/\/kaksinnuorisopalvelut.fi\/wordpress\/wp-json\/wp\/v2\/users\/1"}],"replies":[{"embeddable":true,"href":"https:\/\/kaksinnuorisopalvelut.fi\/wordpress\/wp-json\/wp\/v2\/comments?post=14"}],"version-history":[{"count":256,"href":"https:\/\/kaksinnuorisopalvelut.fi\/wordpress\/wp-json\/wp\/v2\/pages\/14\/revisions"}],"predecessor-version":[{"id":537,"href":"https:\/\/kaksinnuorisopalvelut.fi\/wordpress\/wp-json\/wp\/v2\/pages\/14\/revisions\/537"}],"wp:attachment":[{"href":"https:\/\/kaksinnuorisopalvelut.fi\/wordpress\/wp-json\/wp\/v2\/media?parent=14"}],"curies":[{"name":"wp","href":"https:\/\/api.w.org\/{rel}","templated":true}]}}